{"id":3,"date":"2024-08-20T10:27:52","date_gmt":"2024-08-20T10:27:52","guid":{"rendered":"https:\/\/darkgrey-parrot-951374.hostingersite.com\/?page_id=3"},"modified":"2024-09-06T14:16:21","modified_gmt":"2024-09-06T10:16:21","slug":"privacy-policy","status":"publish","type":"page","link":"https:\/\/hasina.io\/fr\/privacy-policy\/","title":{"rendered":"Politique de confidentialit\u00e9"},"content":{"rendered":"<div class=\"wp-block-group is-layout-constrained wp-block-group-is-layout-constrained\" style=\"padding-top:50px;padding-bottom:50px\">\n<div class=\"wp-block-group is-layout-constrained wp-block-group-is-layout-constrained\" style=\"padding-top:50px;padding-bottom:50px\">\n<h1 class=\"wp-block-heading\">POLITIQUE DE CONFIDENTIALIT\u00c9<\/h1>\n\n\n\n<h2 class=\"wp-block-heading\"><strong>DONN\u00c9ES PERSONNELLES<\/strong><\/h2>\n\n\n\n<p>HASINA MAURITIUS collecte des informations au moyen des formulaires de demande d\u2019informations \/ demande de devis \/ demande de rdv disponibles sur les pages de son site internet. Ces informations, \u00ab donn\u00e9es personnelles \u00bb, de l\u2019utilisateur auront \u00e9t\u00e9 communiqu\u00e9es librement par lui-m\u00eame.<\/p>\n\n\n\n<p>Les donn\u00e9es personnelles pouvant \u00eatre recueillies sont les suivantes :<\/p>\n\n\n\n<ul class=\"wp-block-list\">\n<li>Nom<\/li>\n\n\n\n<li>Pr\u00e9nom<\/li>\n\n\n\n<li>Nom de votre soci\u00e9t\u00e9\/organisme<\/li>\n\n\n\n<li>Adresse email<\/li>\n\n\n\n<li>Num\u00e9ro de t\u00e9l\u00e9phone<\/li>\n<\/ul>\n\n\n\n<p>La collecte des donn\u00e9es personnelles sera r\u00e9alis\u00e9e lors de l\u2019envoi d\u2019un des formulaires pr\u00e9sent sur le site ou lorsque la soci\u00e9t\u00e9 sera contact\u00e9e. HASINA MAURITIUS peut \u00eatre amen\u00e9 \u00e0 utiliser ces \u00ab donn\u00e9es personnelles \u00bb \u00e0 des fins commerciales ou marketing. La diffusion de ces \u00ab donn\u00e9es personnelles \u00bb se limitera \u00e0 la soci\u00e9t\u00e9 REKURSIV. Vos donn\u00e9es peuvent \u00eatre transmises au sein du groupe toutefois aucune donn\u00e9e ne sera vendue ou \u00e9chang\u00e9e \u00e0 des fins commerciales \u00e0 des tiers en dehors du groupe.<\/p>\n\n\n\n<p><strong>DUR\u00c9E DE STOCKAGE DES DONN\u00c9ES<\/strong><br>HASINA MAURITIUS est responsable de vos donn\u00e9es personnelles collect\u00e9es via les formulaires de contact du site internet. Nous conservons vos donn\u00e9es pour une dur\u00e9e limit\u00e9e de 3 ans. Les donn\u00e9es seront utilis\u00e9es \u00e0 des fins statistiques : R\u00e9alisation d\u2019\u00e9tudes statistiques internes \u00e0 usage exclusif de la soci\u00e9t\u00e9 \u2013 Contact en cas de probl\u00e8me \u2013 Envoi d\u2019offres commerciales \u2013 Tests et am\u00e9liorations de nos syst\u00e8mes.<\/p>\n\n\n\n<p><strong>LES DROITS QUE VOUS AVEZ SUR VOS DONN\u00c9ES<\/strong><br>l\u2019utilisateur dispose d\u2019un droit d\u2019acc\u00e8s, de rectification, d\u2019opposition et de suppression aux donn\u00e9es le concernant aupr\u00e8s de la soci\u00e9t\u00e9 REKURSIV. Si les donn\u00e9es sont inexactes, incompl\u00e8tes ou non pertinentes, toutes demandes de correction ou de retrait des informations peuvent \u00eatre r\u00e9alis\u00e9es. Vous pouvez exercer ces droits en nous adressant un mail \u00e0&nbsp;<a>admin@hasina.io<\/a><\/p>\n\n\n\n<p><strong>STATISTIQUES ET MESURE D\u2019AUDIENCE<\/strong><br>Nous utilisons Google Analytics comme notre logiciel d\u2019analyse de site web\/application et outil de gestion du consentement. Nous collectons des donn\u00e9es sur les visiteurs du site web en utilisant des cookies. Les informations collect\u00e9es peuvent inclure l\u2019adresse IP du visiteur, le syst\u00e8me d\u2019exploitation, l\u2019identifiant du navigateur, l\u2019activit\u00e9 de navigation et d\u2019autres informations. Consultez l\u2019\u00e9tendue des donn\u00e9es collect\u00e9es par Google Analytics.<\/p>\n\n\n\n<p>Nous calculons des m\u00e9triques telles que le taux de rebond, les pages vues, les sessions, etc. pour comprendre comment notre site web\/application est utilis\u00e9. Nous pouvons \u00e9galement cr\u00e9er des profils de visiteurs en fonction de l\u2019historique de navigation pour analyser le comportement des visiteurs, afficher du contenu personnalis\u00e9 et ex\u00e9cuter des campagnes en ligne.<\/p>\n\n\n\n<p>Nous h\u00e9bergeons notre solution sur Microsoft Azure en Allemagne\/Pays-Bas\/\u00c9tats-Unis\/Hong Kong\/ElastX en Su\u00e8de, et les donn\u00e9es sont stock\u00e9es pendant 14\/25 mois.<\/p>\n\n\n\n<p>Le but du traitement des donn\u00e9es : l\u2019analyse et le suivi des conversions bas\u00e9s sur le consentement. Base l\u00e9gale : Art. 6 (1)(a) du RGPD.<\/p>\n\n\n\n<p>Google Analytics ne transmet pas les donn\u00e9es vous concernant \u00e0 d\u2019autres sous-traitants ou tiers et ne les utilise pas \u00e0 ses propres fins. Pour en savoir plus, consultez la politique de confidentialit\u00e9 de Google Analytics.<\/p>\n\n\n\n<p><strong>PROTECTION DE VOS DONN\u00c9ES<\/strong><br>Diverses mesures ont \u00e9t\u00e9 mises en place pour assurer la s\u00e9curit\u00e9 des donn\u00e9es contre la perte, l\u2019utilisation abusive, l\u2019acc\u00e8s non autoris\u00e9, la divulgation, la modification ou la destruction des Donn\u00e9es Personnelles. En particulier, mise en place d\u2019un protocole SSL\/TLS utilis\u00e9 sur l\u2019ensemble du site internet et sur les formulaires, mise \u00e0 jour technique, s\u00e9curisation du site internet permettant le chiffrement des donn\u00e9es sur le r\u00e9seau.<\/p>\n\n\n\n<p><strong>COOKIES<\/strong><\/p>\n\n\n\n<script id=\"CookieDeclaration\" src=\"https:\/\/consent.cookiebot.com\/5e132bfd-6533-49b0-930f-2c516aa563f3\/cd.js\" type=\"text\/javascript\" async><\/script>\n<\/div>\n<\/div>","protected":false},"excerpt":{"rendered":"<p>PRIVACY POLICY PERSONAL DATA HASINA MAURITIUS collects information through information request forms \/ quote request forms \/ appointment request forms available on its website pages. This information, referred to as &#8220;personal data,&#8221; is freely provided by the user. The personal data that may be collected includes: The collection of personal data will take place when [&hellip;]<\/p>","protected":false},"author":1,"featured_media":0,"parent":0,"menu_order":0,"comment_status":"closed","ping_status":"closed","template":"","meta":{"footnotes":""},"class_list":["post-3","page","type-page","status-publish","hentry"],"_links":{"self":[{"href":"https:\/\/hasina.io\/fr\/wp-json\/wp\/v2\/pages\/3","targetHints":{"allow":["GET"]}}],"collection":[{"href":"https:\/\/hasina.io\/fr\/wp-json\/wp\/v2\/pages"}],"about":[{"href":"https:\/\/hasina.io\/fr\/wp-json\/wp\/v2\/types\/page"}],"author":[{"embeddable":true,"href":"https:\/\/hasina.io\/fr\/wp-json\/wp\/v2\/users\/1"}],"replies":[{"embeddable":true,"href":"https:\/\/hasina.io\/fr\/wp-json\/wp\/v2\/comments?post=3"}],"version-history":[{"count":5,"href":"https:\/\/hasina.io\/fr\/wp-json\/wp\/v2\/pages\/3\/revisions"}],"predecessor-version":[{"id":352,"href":"https:\/\/hasina.io\/fr\/wp-json\/wp\/v2\/pages\/3\/revisions\/352"}],"wp:attachment":[{"href":"https:\/\/hasina.io\/fr\/wp-json\/wp\/v2\/media?parent=3"}],"curies":[{"name":"wp","href":"https:\/\/api.w.org\/{rel}","templated":true}]}}