{"id":20,"date":"2024-08-21T08:45:15","date_gmt":"2024-08-21T08:45:15","guid":{"rendered":"https:\/\/darkgrey-parrot-951374.hostingersite.com\/?page_id=20"},"modified":"2024-08-27T16:26:17","modified_gmt":"2024-08-27T12:26:17","slug":"about-us","status":"publish","type":"page","link":"https:\/\/hasina.io\/fr\/about-us\/","title":{"rendered":"\u00c0 propos"},"content":{"rendered":"<div class=\"wp-block-group alignfull has-ti-bg-background-color has-background is-layout-constrained wp-container-core-group-is-layout-c7cf32be wp-block-group-is-layout-constrained\" style=\"margin-top:0;margin-bottom:0;padding-top:64px;padding-bottom:32px\">\n<div class=\"wp-block-columns alignwide is-layout-flex wp-container-core-columns-is-layout-9a01b68c wp-block-columns-is-layout-flex\">\n<div class=\"wp-block-column is-vertically-aligned-center is-layout-flow wp-block-column-is-layout-flow\">\n<h1 class=\"wp-block-heading has-ti-accent-color has-text-color has-link-color has-huge-font-size wp-elements-d2590351467318f2ddfaab7489a64bc5\">\u00c0 propos<\/h1>\n\n\n\n<h2 class=\"wp-block-heading\">Notre histoire<\/h2>\n\n\n\n<p class=\"has-medium-font-size\">Fond\u00e9e \u00e0 Maurice, Hasina Mauritius s'est d\u00e9velopp\u00e9e en offrant des services fiables et de qualit\u00e9 en sous-traitance, infog\u00e9rance, cybers\u00e9curit\u00e9, et d\u00e9veloppement sp\u00e9cifique. Nous nous engageons \u00e0 fournir des solutions adapt\u00e9es aux besoins uniques de chaque client, en nous appuyant sur notre expertise et notre savoir-faire.<\/p>\n<\/div>\n\n\n\n<div class=\"wp-block-column is-layout-flow wp-block-column-is-layout-flow\">\n<figure class=\"wp-block-image size-full\"><img loading=\"lazy\" decoding=\"async\" width=\"600\" height=\"600\" src=\"https:\/\/darkgrey-parrot-951374.hostingersite.com\/wp-content\/uploads\/2024\/08\/christina-wocintechchat-com-5DJ0VvLRSFE-unsplash_600x600.jpg\" alt=\"\" class=\"wp-image-133\" style=\"box-shadow:var(--wp--preset--shadow--sharp);aspect-ratio:4\/3;object-fit:cover\" srcset=\"https:\/\/hasina.io\/wp-content\/uploads\/2024\/08\/christina-wocintechchat-com-5DJ0VvLRSFE-unsplash_600x600.jpg 600w, https:\/\/hasina.io\/wp-content\/uploads\/2024\/08\/christina-wocintechchat-com-5DJ0VvLRSFE-unsplash_600x600-300x300.jpg 300w, https:\/\/hasina.io\/wp-content\/uploads\/2024\/08\/christina-wocintechchat-com-5DJ0VvLRSFE-unsplash_600x600-150x150.jpg 150w, https:\/\/hasina.io\/wp-content\/uploads\/2024\/08\/christina-wocintechchat-com-5DJ0VvLRSFE-unsplash_600x600-12x12.jpg 12w\" sizes=\"auto, (max-width: 600px) 100vw, 600px\" \/><\/figure>\n<\/div>\n<\/div>\n<\/div>\n\n\n\n<div class=\"wp-block-group alignfull is-layout-constrained wp-block-group-is-layout-constrained\" style=\"margin-top:0;margin-bottom:0;padding-top:32px;padding-bottom:64px\">\n<div class=\"wp-block-columns alignwide is-layout-flex wp-container-core-columns-is-layout-9a01b68c wp-block-columns-is-layout-flex\">\n<div class=\"wp-block-column is-layout-flow wp-block-column-is-layout-flow\">\n<figure class=\"wp-block-image size-full\"><img loading=\"lazy\" decoding=\"async\" width=\"600\" height=\"600\" src=\"https:\/\/darkgrey-parrot-951374.hostingersite.com\/wp-content\/uploads\/2024\/08\/christina-wocintechchat-com-40sBJy5cCMY-unsplash_600x600.jpg\" alt=\"\" class=\"wp-image-130\" style=\"box-shadow:var(--wp--preset--shadow--sharp);aspect-ratio:4\/3;object-fit:cover\" srcset=\"https:\/\/hasina.io\/wp-content\/uploads\/2024\/08\/christina-wocintechchat-com-40sBJy5cCMY-unsplash_600x600.jpg 600w, https:\/\/hasina.io\/wp-content\/uploads\/2024\/08\/christina-wocintechchat-com-40sBJy5cCMY-unsplash_600x600-300x300.jpg 300w, https:\/\/hasina.io\/wp-content\/uploads\/2024\/08\/christina-wocintechchat-com-40sBJy5cCMY-unsplash_600x600-150x150.jpg 150w, https:\/\/hasina.io\/wp-content\/uploads\/2024\/08\/christina-wocintechchat-com-40sBJy5cCMY-unsplash_600x600-12x12.jpg 12w\" sizes=\"auto, (max-width: 600px) 100vw, 600px\" \/><\/figure>\n<\/div>\n\n\n\n<div class=\"wp-block-column is-vertically-aligned-center is-layout-flow wp-block-column-is-layout-flow\" style=\"padding-top:24px;padding-right:24px;padding-bottom:24px;padding-left:24px\">\n<h2 class=\"wp-block-heading\">Notre mission<\/h2>\n\n\n\n<p class=\"has-medium-font-size\">Offrir des services de haute qualit\u00e9 qui r\u00e9pondent aux besoins sp\u00e9cifiques de chaque client, tout en garantissant la s\u00e9curit\u00e9, l\u2019efficacit\u00e9, et l\u2019innovation.<\/p>\n<\/div>\n<\/div>\n<\/div>\n\n\n\n<div class=\"wp-block-group alignfull has-ti-fg-alt-color has-text-color is-layout-constrained wp-container-core-group-is-layout-44e5a389 wp-block-group-is-layout-constrained has-background\" style=\"margin-top:0px;margin-bottom:0px;padding-top:64px;padding-right:23px;padding-bottom:64px;padding-left:23px;background-image:url(&#039;https:\/\/darkgrey-parrot-951374.hostingersite.com\/wp-content\/uploads\/2024\/08\/mohammed-kara-_CfThGQfzMA-unsplash_2000-1.jpg&#039;);background-position:50% 0;background-size:cover;\">\n<div class=\"wp-block-group alignwide is-layout-constrained wp-container-core-group-is-layout-105570a8 wp-block-group-is-layout-constrained\">\n<h2 class=\"wp-block-heading has-text-align-center\"><strong>Notre vision<\/strong><\/h2>\n\n\n\n<p class=\"has-text-align-center has-medium-font-size\">Devenir un partenaire strat\u00e9gique de r\u00e9f\u00e9rence pour les entreprises cherchant \u00e0 optimiser leurs op\u00e9rations et \u00e0 se d\u00e9velopper sur le plan international.<\/p>\n<\/div>\n<\/div>","protected":false},"excerpt":{"rendered":"<p>About us Our history Founded in Mauritius, Hasina Mauritius has grown by offering reliable and high-quality services in outsourcing, IT management, cybersecurity, and custom development. We are committed to providing solutions tailored to the unique needs of each client, relying on our expertise and know-how. Our mission To offer high-quality services that meet the specific [&hellip;]<\/p>","protected":false},"author":1,"featured_media":0,"parent":0,"menu_order":0,"comment_status":"closed","ping_status":"closed","template":"","meta":{"footnotes":""},"class_list":["post-20","page","type-page","status-publish","hentry"],"_links":{"self":[{"href":"https:\/\/hasina.io\/fr\/wp-json\/wp\/v2\/pages\/20","targetHints":{"allow":["GET"]}}],"collection":[{"href":"https:\/\/hasina.io\/fr\/wp-json\/wp\/v2\/pages"}],"about":[{"href":"https:\/\/hasina.io\/fr\/wp-json\/wp\/v2\/types\/page"}],"author":[{"embeddable":true,"href":"https:\/\/hasina.io\/fr\/wp-json\/wp\/v2\/users\/1"}],"replies":[{"embeddable":true,"href":"https:\/\/hasina.io\/fr\/wp-json\/wp\/v2\/comments?post=20"}],"version-history":[{"count":16,"href":"https:\/\/hasina.io\/fr\/wp-json\/wp\/v2\/pages\/20\/revisions"}],"predecessor-version":[{"id":223,"href":"https:\/\/hasina.io\/fr\/wp-json\/wp\/v2\/pages\/20\/revisions\/223"}],"wp:attachment":[{"href":"https:\/\/hasina.io\/fr\/wp-json\/wp\/v2\/media?parent=20"}],"curies":[{"name":"wp","href":"https:\/\/api.w.org\/{rel}","templated":true}]}}