{"id":18,"date":"2024-08-21T08:44:57","date_gmt":"2024-08-21T08:44:57","guid":{"rendered":"https:\/\/darkgrey-parrot-951374.hostingersite.com\/?page_id=18"},"modified":"2024-09-06T08:53:06","modified_gmt":"2024-09-06T04:53:06","slug":"services","status":"publish","type":"page","link":"https:\/\/hasina.io\/fr\/services\/","title":{"rendered":"Services"},"content":{"rendered":"<div class=\"wp-block-group alignfull has-background is-layout-flow wp-block-group-is-layout-flow\" style=\"background:linear-gradient(135deg,rgb(0,57,98) 0%,rgb(1,96,168) 51%)\">\n<div class=\"wp-block-group alignwide is-layout-constrained wp-container-core-group-is-layout-baab9963 wp-block-group-is-layout-constrained\" style=\"padding-top:64px;padding-right:24px;padding-bottom:0px;padding-left:24px\">\n<h1 class=\"wp-block-heading has-text-align-center has-ti-bg-color has-text-color has-link-color wp-elements-9ff36d78f9515ce9558a32ee526cf3cf\" style=\"font-size:clamp(2.111rem, 2.111rem + ((1vw - 0.2rem) * 3.296), 3.8rem);\">Nos services<\/h1>\n<\/div>\n\n\n\n<div class=\"wp-block-buttons is-content-justification-center is-layout-flex wp-container-core-buttons-is-layout-a89b3969 wp-block-buttons-is-layout-flex\">\n<div class=\"wp-block-button has-custom-font-size is-style-outline has-small-font-size is-style-outline--1\"><a class=\"wp-block-button__link has-ti-bg-color has-text-color has-link-color wp-element-button\" href=\"#Outsourcing\" style=\"box-shadow:none\"><i class=\"fas fa-arrows-to-circle\"><\/i> Sous-traitance<\/a><\/div>\n\n\n\n<div class=\"wp-block-button has-custom-font-size is-style-outline has-small-font-size is-style-outline--2\"><a class=\"wp-block-button__link has-ti-bg-color has-text-color has-link-color wp-element-button\" href=\"#ITManagementAndSecurity\" style=\"box-shadow:none\"><i class=\"fas fa-server\"><\/i> Infog\u00e9rance et Cybers\u00e9curit\u00e9<\/a><\/div>\n\n\n\n<div class=\"wp-block-button has-custom-font-size is-style-outline has-small-font-size is-style-outline--3\"><a class=\"wp-block-button__link has-ti-bg-color has-text-color has-link-color wp-element-button\" href=\"#CustomDevelopment\" style=\"box-shadow:none\"><i class=\"fas fa-laptop-code\"><\/i> D\u00e9veloppement sp\u00e9cifique<\/a><\/div>\n\n\n\n<div class=\"wp-block-button has-custom-font-size is-style-outline has-small-font-size is-style-outline--4\"><a class=\"wp-block-button__link has-ti-bg-color has-text-color has-link-color wp-element-button\" href=\"#InternationalProspectingSupport\" style=\"box-shadow:none\"><i class=\"fas fa-earth-africa\"><\/i> Appui \u00e0 la Prospection Internationale<\/a><\/div>\n<\/div>\n\n\n\n<div class=\"wp-block-group alignfull is-layout-constrained wp-block-group-is-layout-constrained\" id=\"Outsourcing\" style=\"padding-top:32px;padding-bottom:32px\">\n<div class=\"wp-block-columns alignwide are-vertically-aligned-center is-layout-flex wp-container-core-columns-is-layout-28f84493 wp-block-columns-is-layout-flex\">\n<div class=\"wp-block-column is-vertically-aligned-center is-layout-flow wp-block-column-is-layout-flow\">\n<div class=\"wp-block-group is-layout-constrained wp-container-core-group-is-layout-7e35f205 wp-block-group-is-layout-constrained has-background\" style=\"min-height:300px;padding-top:24px;padding-right:32px;padding-bottom:24px;padding-left:32px;background-image:url(&#039;https:\/\/darkgrey-parrot-951374.hostingersite.com\/wp-content\/uploads\/2024\/09\/pietro-jeng-sQVXS8HBPPc-unsplash_600x600.jpg&#039;);background-position:50% 0;background-size:cover;\">\n<p class=\"has-ti-bg-color has-text-color has-link-color has-large-font-size wp-elements-6bd1d4734a88ad983194b5a690380c91\"><i class=\"fas fa-arrows-to-circle\"><\/i><\/p>\n\n\n\n<h3 class=\"wp-block-heading has-text-align-left has-ti-bg-color has-text-color has-link-color has-x-large-font-size wp-elements-ca0a21ee9f39a47e151181aa25fb5881\"><strong>Sous-traitance<\/strong><\/h3>\n<\/div>\n<\/div>\n\n\n\n<div class=\"wp-block-column is-vertically-aligned-center is-layout-flow wp-block-column-is-layout-flow\">\n<div class=\"wp-block-group is-layout-constrained wp-container-core-group-is-layout-35dbb874 wp-block-group-is-layout-constrained\" style=\"border-radius:0px;padding-top:24px;padding-right:32px;padding-bottom:24px;padding-left:32px\">\n<p class=\"has-text-align-left has-ti-bg-color has-text-color has-link-color has-medium-font-size wp-elements-3969de77c5738c85780985c3bc604239\">Nous offrons des services de sous-traitance flexibles qui permettent \u00e0 votre entreprise de se concentrer sur ses comp\u00e9tences cl\u00e9s. Que ce soit pour la gestion administrative, la saisie de donn\u00e9es, ou d'autres t\u00e2ches op\u00e9rationnelles, nous assurons une qualit\u00e9 et une efficacit\u00e9 optimales.<\/p>\n<\/div>\n<\/div>\n\n\n\n<div class=\"wp-block-column is-vertically-aligned-center is-layout-flow wp-block-column-is-layout-flow\">\n<div class=\"wp-block-group has-ti-bg-background-color has-background is-layout-constrained wp-container-core-group-is-layout-4d302bca wp-block-group-is-layout-constrained\" style=\"border-radius:0px;padding-top:22px;padding-right:32px;padding-bottom:22px;padding-left:32px\">\n<p class=\"has-text-align-left has-ti-accent-color has-text-color has-link-color wp-elements-7c7f3628375fe6b7e06cd4fa54b5e388\"><strong>Gestion Administrative :<\/strong><\/p>\n\n\n\n<p class=\"has-ti-bg-inv-color has-text-color has-link-color has-small-font-size wp-elements-33764eb04e57043e1d8084c53b058b00\">Prise en charge de vos t\u00e2ches administratives quotidiennes pour vous permettre de vous concentrer sur vos activit\u00e9s principales.<\/p>\n\n\n\n<p class=\"has-ti-accent-color has-text-color has-link-color wp-elements-9ebe5faf32ffd320192198759c32be4f\"><strong>Saisie de Donn\u00e9es :<\/strong><\/p>\n\n\n\n<p class=\"has-ti-bg-inv-color has-text-color has-link-color has-small-font-size wp-elements-c8207f6f7b8fff8cb1dc32b51d93f92d\">Traitement rapide et pr\u00e9cis de vos donn\u00e9es, de l\u2019entr\u00e9e \u00e0 la v\u00e9rification, avec un haut niveau de confidentialit\u00e9.<\/p>\n\n\n\n<p class=\"has-ti-accent-color has-text-color has-link-color wp-elements-0fa93c136d37c1c66881b8350ee1aff2\"><strong>Contr\u00f4le Qualit\u00e9 :<\/strong><\/p>\n\n\n\n<p class=\"has-text-align-left has-ti-bg-inv-color has-text-color has-link-color has-small-font-size wp-elements-1cccab622875620557cc653a0a32fa4f\">V\u00e9rification et validation des processus pour garantir la conformit\u00e9 aux standards et aux exigences sp\u00e9cifiques de votre secteur.<\/p>\n<\/div>\n<\/div>\n<\/div>\n<\/div>\n\n\n\n<div class=\"wp-block-group alignfull is-layout-constrained wp-block-group-is-layout-constrained\" id=\"ITManagementAndSecurity\" style=\"margin-top:0;margin-bottom:0;padding-top:32px;padding-bottom:32px\">\n<div class=\"wp-block-columns alignwide is-layout-flex wp-container-core-columns-is-layout-28f84493 wp-block-columns-is-layout-flex\">\n<div class=\"wp-block-column is-vertically-aligned-center is-layout-flow wp-block-column-is-layout-flow\">\n<div class=\"wp-block-group is-layout-constrained wp-container-core-group-is-layout-7f827f2b wp-block-group-is-layout-constrained has-background\" style=\"border-radius:0px;min-height:300px;padding-top:24px;padding-right:32px;padding-bottom:24px;padding-left:32px;background-image:url(&#039;https:\/\/darkgrey-parrot-951374.hostingersite.com\/wp-content\/uploads\/2024\/09\/visax-MwLLeyWvwWI-unsplash_600x600.jpg&#039;);background-position:50% 0;background-size:cover;\">\n<p class=\"has-ti-bg-color has-text-color has-link-color has-large-font-size wp-elements-68a0f6d0f5cf8f87a6eb2854313618ab\"><i class=\"fas fa-server\"><\/i><\/p>\n\n\n\n<h3 class=\"wp-block-heading has-text-align-left has-ti-bg-color has-text-color has-link-color has-x-large-font-size wp-elements-4da1e9ef94f910d6f2371b96f2e6c419\"><strong>IT Management and Cybersecurity<\/strong><\/h3>\n<\/div>\n<\/div>\n\n\n\n<div class=\"wp-block-column is-layout-flow wp-block-column-is-layout-flow\">\n<div class=\"wp-block-group is-layout-constrained wp-container-core-group-is-layout-35dbb874 wp-block-group-is-layout-constrained\" style=\"border-radius:0px;padding-top:24px;padding-right:32px;padding-bottom:24px;padding-left:32px\">\n<p class=\"has-text-align-left has-ti-bg-color has-text-color has-link-color has-medium-font-size wp-elements-884ad2e0dbf6b209c53d3770ef80dc47\">La gestion de votre infrastructure informatique est cruciale pour assurer la continuit\u00e9 de vos activit\u00e9s. Nos services d\u2019infog\u00e9rance couvrent la maintenance des syst\u00e8mes, la gestion des serveurs, et le support technique. En mati\u00e8re de cybers\u00e9curit\u00e9, nous mettons en place des solutions robustes pour prot\u00e9ger vos donn\u00e9es contre les menaces potentielles.<\/p>\n<\/div>\n<\/div>\n\n\n\n<div class=\"wp-block-column is-layout-flow wp-block-column-is-layout-flow\">\n<div class=\"wp-block-group has-ti-bg-background-color has-background is-layout-constrained wp-container-core-group-is-layout-35dbb874 wp-block-group-is-layout-constrained\" style=\"border-radius:0px;padding-top:24px;padding-right:32px;padding-bottom:24px;padding-left:32px\">\n<p class=\"has-text-align-left has-ti-bg-inv-color has-text-color has-link-color wp-elements-68c13c51fa02ea614850c9c54ad4bfec\"><strong>Maintenance des Syst\u00e8mes :<\/strong><\/p>\n\n\n\n<p class=\"has-small-font-size\">Surveillance et maintenance r\u00e9guli\u00e8res de vos syst\u00e8mes informatiques pour garantir leur bon fonctionnement.<\/p>\n\n\n\n<p class=\"has-ti-bg-inv-color has-text-color has-link-color wp-elements-f099e443d56f82240d22b0fc716a0ca7\"><strong>Gestion des Serveurs :<\/strong><\/p>\n\n\n\n<p class=\"has-small-font-size\">Administration compl\u00e8te de vos serveurs, incluant les mises \u00e0 jour, la gestion des performances, et la s\u00e9curit\u00e9.<\/p>\n\n\n\n<p class=\"has-ti-bg-inv-color has-text-color has-link-color wp-elements-a26eef1639fa3879ef65c2b7ca81bb3b\"><strong>S\u00e9curit\u00e9 R\u00e9seau :<\/strong><\/p>\n\n\n\n<p class=\"has-small-font-size\">Protection de votre infrastructure r\u00e9seau contre les cybermenaces gr\u00e2ce \u00e0 des solutions de s\u00e9curit\u00e9 avanc\u00e9es.<\/p>\n\n\n\n<p class=\"has-ti-bg-inv-color has-text-color has-link-color wp-elements-a082dacdac13ec293a76917610c14a59\"><strong>Gestion des Acc\u00e8s et Authentification :<\/strong><\/p>\n\n\n\n<p class=\"has-small-font-size\">Mise en place de protocoles d'acc\u00e8s s\u00e9curis\u00e9s et de syst\u00e8mes d'authentification pour prot\u00e9ger vos donn\u00e9es sensibles.<\/p>\n\n\n\n<p class=\"has-ti-bg-inv-color has-text-color has-link-color wp-elements-990fa52dd2adeec860c139999a19fc93\"><strong>Plan de Continuit\u00e9 d'Activit\u00e9 :<\/strong><\/p>\n\n\n\n<p class=\"has-text-align-left has-ti-bg-inv-color has-text-color has-link-color has-small-font-size wp-elements-f16f556e6ea668a44e1369bc050a8188\">D\u00e9veloppement et mise en \u0153uvre de plans de continuit\u00e9 d'activit\u00e9 pour assurer la r\u00e9silience de votre entreprise en cas de sinistre.<\/p>\n<\/div>\n<\/div>\n<\/div>\n<\/div>\n\n\n\n<div class=\"wp-block-group alignfull is-layout-constrained wp-block-group-is-layout-constrained\" id=\"CustomDevelopment\" style=\"margin-top:0;margin-bottom:0;padding-top:32px;padding-bottom:32px\">\n<div class=\"wp-block-columns alignwide are-vertically-aligned-center is-layout-flex wp-container-core-columns-is-layout-28f84493 wp-block-columns-is-layout-flex\">\n<div class=\"wp-block-column is-vertically-aligned-center is-layout-flow wp-block-column-is-layout-flow\">\n<div class=\"wp-block-group is-layout-constrained wp-container-core-group-is-layout-7f827f2b wp-block-group-is-layout-constrained has-background\" style=\"border-radius:0px;min-height:300px;padding-top:24px;padding-right:32px;padding-bottom:24px;padding-left:32px;background-image:url(&#039;https:\/\/darkgrey-parrot-951374.hostingersite.com\/wp-content\/uploads\/2024\/09\/getty-images-95o8o7uzMNk-unsplash_600x600.jpg&#039;);background-position:14.000000000000002% 74%;background-size:cover;\">\n<p class=\"has-ti-bg-color has-text-color has-link-color has-large-font-size wp-elements-cfe7b141ecb3571f42ab94f8d48338a0\"><i class=\"fas fa-laptop-code\"><\/i><\/p>\n\n\n\n<h3 class=\"wp-block-heading has-text-align-left has-ti-bg-color has-text-color has-link-color has-x-large-font-size wp-elements-a453ab84ddf79cf9810b1399fd547fb6\"><strong>D\u00e9veloppement sp\u00e9cifique<\/strong><\/h3>\n<\/div>\n<\/div>\n\n\n\n<div class=\"wp-block-column is-vertically-aligned-center is-layout-flow wp-block-column-is-layout-flow\">\n<div class=\"wp-block-group is-layout-constrained wp-container-core-group-is-layout-35dbb874 wp-block-group-is-layout-constrained\" style=\"border-radius:0px;padding-top:24px;padding-right:32px;padding-bottom:24px;padding-left:32px\">\n<p class=\"has-text-align-left has-ti-bg-color has-text-color has-link-color has-medium-font-size wp-elements-ac4879a249366c6a08eb8b93024b53c1\">Nos d\u00e9veloppeurs experts cr\u00e9ent des solutions logicielles sur mesure pour r\u00e9pondre aux besoins uniques de votre entreprise. Que vous ayez besoin d\u2019une application mobile, d\u2019un logiciel de gestion, ou d\u2019une solution int\u00e9gr\u00e9e, nous vous accompagnons \u00e0 chaque \u00e9tape du projet.<\/p>\n<\/div>\n<\/div>\n\n\n\n<div class=\"wp-block-column is-vertically-aligned-center is-layout-flow wp-block-column-is-layout-flow\">\n<div class=\"wp-block-group has-ti-bg-background-color has-background is-layout-constrained wp-container-core-group-is-layout-35dbb874 wp-block-group-is-layout-constrained\" style=\"border-radius:0px;padding-top:24px;padding-right:32px;padding-bottom:24px;padding-left:32px\">\n<p class=\"has-text-align-left has-ti-bg-inv-color has-text-color has-link-color wp-elements-ab55176bc277928f6816831a624cad3f\"><strong>D\u00e9veloppement d'Applications Web :<\/strong><\/p>\n\n\n\n<p class=\"has-small-font-size\">Cr\u00e9ation d'applications web sur mesure adapt\u00e9es aux besoins de votre entreprise.<\/p>\n\n\n\n<p class=\"has-ti-bg-inv-color has-text-color has-link-color wp-elements-37fdd3ecb3c61a4c4618af2ef99655c1\"><strong>D\u00e9veloppement Mobile :<\/strong><\/p>\n\n\n\n<p class=\"has-small-font-size\">Conception et d\u00e9veloppement d'applications mobiles pour Android et iOS, optimis\u00e9es pour la performance et l'exp\u00e9rience utilisateur.<\/p>\n\n\n\n<p class=\"has-ti-bg-inv-color has-text-color has-link-color wp-elements-ac6348307eb68b6b502e94878de0c740\"><strong>Int\u00e9gration de Syst\u00e8mes :<\/strong><\/p>\n\n\n\n<p class=\"has-small-font-size\">Int\u00e9gration de diff\u00e9rentes solutions logicielles pour am\u00e9liorer l'efficacit\u00e9 de vos op\u00e9rations.<\/p>\n\n\n\n<p class=\"has-ti-bg-inv-color has-text-color has-link-color wp-elements-3a248a16bfc9182538e128fb5dadccdb\"><strong>Automatisation des Processus :<\/strong><\/p>\n\n\n\n<p class=\"has-text-align-left has-small-font-size\">D\u00e9veloppement de scripts et d'applications pour automatiser les processus m\u00e9tier r\u00e9p\u00e9titifs et gagner en productivit\u00e9.<\/p>\n<\/div>\n<\/div>\n<\/div>\n<\/div>\n\n\n\n<div class=\"wp-block-group alignfull is-layout-constrained wp-block-group-is-layout-constrained\" id=\"InternationalProspectingSupport\" style=\"margin-top:0;margin-bottom:0;padding-top:32px;padding-bottom:32px\">\n<div class=\"wp-block-columns alignwide are-vertically-aligned-center is-layout-flex wp-container-core-columns-is-layout-28f84493 wp-block-columns-is-layout-flex\">\n<div class=\"wp-block-column is-vertically-aligned-center is-layout-flow wp-block-column-is-layout-flow\">\n<div class=\"wp-block-group is-layout-constrained wp-container-core-group-is-layout-7f827f2b wp-block-group-is-layout-constrained has-background\" style=\"border-radius:0px;min-height:300px;padding-top:24px;padding-right:32px;padding-bottom:24px;padding-left:32px;background-image:url(&#039;https:\/\/darkgrey-parrot-951374.hostingersite.com\/wp-content\/uploads\/2024\/09\/diana-light-i_Zye_wpM7E-unsplash_600x600.jpg&#039;);background-position:50% 0;background-size:cover;\">\n<p class=\"has-ti-bg-color has-text-color has-link-color has-large-font-size wp-elements-047c201270ccc20652366298e1da692b\"><i class=\"fas fa-earth-africa\"><\/i><\/p>\n\n\n\n<h3 class=\"wp-block-heading has-text-align-left has-ti-bg-color has-text-color has-link-color has-x-large-font-size wp-elements-b171f985ca92734f1ba221158c2fba8d\"><strong>Appui \u00e0 la Prospection Internationale<\/strong><\/h3>\n<\/div>\n<\/div>\n\n\n\n<div class=\"wp-block-column is-vertically-aligned-center is-layout-flow wp-block-column-is-layout-flow\">\n<div class=\"wp-block-group is-layout-constrained wp-container-core-group-is-layout-35dbb874 wp-block-group-is-layout-constrained\" style=\"border-radius:0px;padding-top:24px;padding-right:32px;padding-bottom:24px;padding-left:32px\">\n<p class=\"has-text-align-left has-ti-bg-color has-text-color has-link-color has-medium-font-size wp-elements-dfd8f493ed980c0282e037951fa507b8\">Nous vous aidons \u00e0 explorer de nouveaux march\u00e9s et \u00e0 \u00e9tendre votre port\u00e9e internationale. Gr\u00e2ce \u00e0 notre expertise en prospection et \u00e0 notre r\u00e9seau mondial, nous vous fournissons les outils n\u00e9cessaires pour r\u00e9ussir sur la sc\u00e8ne internationale.<\/p>\n<\/div>\n<\/div>\n\n\n\n<div class=\"wp-block-column is-vertically-aligned-center is-layout-flow wp-block-column-is-layout-flow\">\n<div class=\"wp-block-group has-ti-bg-background-color has-background is-layout-constrained wp-container-core-group-is-layout-35dbb874 wp-block-group-is-layout-constrained\" style=\"border-radius:0px;padding-top:24px;padding-right:32px;padding-bottom:24px;padding-left:32px\">\n<p class=\"has-text-align-left has-ti-bg-inv-color has-text-color has-link-color wp-elements-f3871535b445fe1a7af80e9199739695\"><strong>\u00c9tudes de March\u00e9 :<\/strong><\/p>\n\n\n\n<p class=\"has-small-font-size\">Analyse approfondie des march\u00e9s internationaux pour identifier les opportunit\u00e9s de croissance.<\/p>\n\n\n\n<p class=\"has-ti-bg-inv-color has-text-color has-link-color wp-elements-8c7f0067dc21e90f30ef94369fe39172\"><strong>Strat\u00e9gie d'Entr\u00e9e sur le March\u00e9 :<\/strong><\/p>\n\n\n\n<p class=\"has-small-font-size\">\u00c9laboration de strat\u00e9gies sur mesure pour p\u00e9n\u00e9trer de nouveaux march\u00e9s avec succ\u00e8s.<\/p>\n\n\n\n<p class=\"has-ti-bg-inv-color has-text-color has-link-color wp-elements-9cecdbafbdaec454ea84905e1814a1f8\"><strong>Recherche de Partenaires Locaux :<\/strong><\/p>\n\n\n\n<p class=\"has-small-font-size\">Identification et \u00e9valuation de partenaires potentiels dans les march\u00e9s cibles.<\/p>\n\n\n\n<p class=\"has-ti-bg-inv-color has-text-color has-link-color wp-elements-ec463fd517e651676de94eb432e76a2d\"><strong>Support Logistique :<\/strong><\/p>\n\n\n\n<p class=\"has-text-align-left has-small-font-size\">Assistance dans la gestion logistique internationale, y compris le transport et la distribution.<\/p>\n<\/div>\n<\/div>\n<\/div>\n<\/div>\n<\/div>","protected":false},"excerpt":{"rendered":"<p>Our Services Outsourcing We offer flexible outsourcing services that allow your company to focus on its core competencies. Whether it&#8217;s administrative management, data entry, or other operational tasks, we ensure optimal quality and efficiency. Administrative Management: We handle your daily administrative tasks, allowing you to focus on your core activities. Data Entry: Fast and accurate [&hellip;]<\/p>","protected":false},"author":1,"featured_media":0,"parent":0,"menu_order":0,"comment_status":"closed","ping_status":"closed","template":"","meta":{"footnotes":""},"class_list":["post-18","page","type-page","status-publish","hentry"],"_links":{"self":[{"href":"https:\/\/hasina.io\/fr\/wp-json\/wp\/v2\/pages\/18","targetHints":{"allow":["GET"]}}],"collection":[{"href":"https:\/\/hasina.io\/fr\/wp-json\/wp\/v2\/pages"}],"about":[{"href":"https:\/\/hasina.io\/fr\/wp-json\/wp\/v2\/types\/page"}],"author":[{"embeddable":true,"href":"https:\/\/hasina.io\/fr\/wp-json\/wp\/v2\/users\/1"}],"replies":[{"embeddable":true,"href":"https:\/\/hasina.io\/fr\/wp-json\/wp\/v2\/comments?post=18"}],"version-history":[{"count":71,"href":"https:\/\/hasina.io\/fr\/wp-json\/wp\/v2\/pages\/18\/revisions"}],"predecessor-version":[{"id":327,"href":"https:\/\/hasina.io\/fr\/wp-json\/wp\/v2\/pages\/18\/revisions\/327"}],"wp:attachment":[{"href":"https:\/\/hasina.io\/fr\/wp-json\/wp\/v2\/media?parent=18"}],"curies":[{"name":"wp","href":"https:\/\/api.w.org\/{rel}","templated":true}]}}