{"id":14,"date":"2024-08-21T08:43:42","date_gmt":"2024-08-21T08:43:42","guid":{"rendered":"https:\/\/darkgrey-parrot-951374.hostingersite.com\/?page_id=14"},"modified":"2024-09-06T11:16:28","modified_gmt":"2024-09-06T07:16:28","slug":"terms-of-service","status":"publish","type":"page","link":"https:\/\/hasina.io\/fr\/terms-of-service\/","title":{"rendered":"Mentions l\u00e9gales"},"content":{"rendered":"<div class=\"wp-block-group is-layout-constrained wp-block-group-is-layout-constrained\" style=\"padding-top:50px;padding-bottom:50px\">\n<h1 class=\"wp-block-heading\">Mentions l\u00e9gales<\/h1>\n\n\n\n<p>Le site web&nbsp;<a href=\"http:\/\/hasina.io\/fr\/\">hasina.io<\/a>&nbsp;est exploit\u00e9 par HASINA MAURITIUS.<\/p>\n\n\n\n<p>HASINA MAURITIUS est une soci\u00e9t\u00e9 priv\u00e9e r\u00e9gie par les lois de la R\u00e9publique de Maurice, enregistr\u00e9e sous le num\u00e9ro d'enregistrement commercial C094976 et ayant son si\u00e8ge social situ\u00e9 \u00e0 Tower 1, NeXTeracom Building, Ebene Cybercity, Maurice.<\/p>\n\n\n\n<p><strong>Email :<\/strong>&nbsp;<a href=\"mailto:admin@hasina.io\">admin@hasina.io<\/a><\/p>\n\n\n\n<p><a href=\"http:\/\/hasina.io\/fr\/\">hasina.io<\/a> est h\u00e9berg\u00e9 par OVH\u00a0(2 rue Kellermann \u2013 59100 Roubaix \u2013 France)<\/p>\n\n\n\n<p><strong>Donn\u00e9es personnelles<\/strong><\/p>\n\n\n\n<p>Vous pouvez visiter notre site web sans nous fournir vos coordonn\u00e9es. Cependant, il se peut que vous deviez fournir certaines informations personnelles. Par exemple : pour traiter une demande ou pour que nous puissions vous envoyer un email.<\/p>\n\n\n\n<p><a href=\"https:\/\/rekursiv.fr\/site-internet\/\">Site internet cr\u00e9\u00e9 par Agence Web REKURSIV<\/a><\/p>\n\n\n\n<p class=\"has-ti-bg-color has-text-color has-link-color has-small-font-size wp-elements-173e52d4261873cd73f25ebb22e9e9da\" style=\"margin-top:0px;margin-right:0px;margin-bottom:0px;margin-left:0px\"><a href=\"https:\/\/rekursiv.fr\/site-internet\/\" data-type=\"link\" data-id=\"https:\/\/rekursiv.fr\/site-internet\/\" target=\"_blank\" rel=\"noreferrer noopener\">Agence web REKURSIV<\/a><\/p>\n<\/div>","protected":false},"excerpt":{"rendered":"<p>Terms of service The website&nbsp;hasina.io&nbsp;is operated by HASINA MAURITIUS. HASINA MAURITIUS is a private company under the Laws of the Republic of Mauritius, registered under the Business Registration Number C094976 and having its registered office situated at&nbsp;Tower 1, NeXTeracom Building, Ebene Cybercity, Mauritius. Email :&nbsp;admin@hasina.io hasina.io is hosted by OVH&nbsp;(2 rue Kellermann &#8211; 59100 Roubaix [&hellip;]<\/p>","protected":false},"author":1,"featured_media":0,"parent":0,"menu_order":0,"comment_status":"closed","ping_status":"closed","template":"","meta":{"footnotes":""},"class_list":["post-14","page","type-page","status-publish","hentry"],"_links":{"self":[{"href":"https:\/\/hasina.io\/fr\/wp-json\/wp\/v2\/pages\/14","targetHints":{"allow":["GET"]}}],"collection":[{"href":"https:\/\/hasina.io\/fr\/wp-json\/wp\/v2\/pages"}],"about":[{"href":"https:\/\/hasina.io\/fr\/wp-json\/wp\/v2\/types\/page"}],"author":[{"embeddable":true,"href":"https:\/\/hasina.io\/fr\/wp-json\/wp\/v2\/users\/1"}],"replies":[{"embeddable":true,"href":"https:\/\/hasina.io\/fr\/wp-json\/wp\/v2\/comments?post=14"}],"version-history":[{"count":6,"href":"https:\/\/hasina.io\/fr\/wp-json\/wp\/v2\/pages\/14\/revisions"}],"predecessor-version":[{"id":346,"href":"https:\/\/hasina.io\/fr\/wp-json\/wp\/v2\/pages\/14\/revisions\/346"}],"wp:attachment":[{"href":"https:\/\/hasina.io\/fr\/wp-json\/wp\/v2\/media?parent=14"}],"curies":[{"name":"wp","href":"https:\/\/api.w.org\/{rel}","templated":true}]}}